{"id":969,"date":"2020-03-12T17:48:13","date_gmt":"2020-03-12T17:48:13","guid":{"rendered":"https:\/\/rcostal.com\/?page_id=969"},"modified":"2023-07-10T08:12:32","modified_gmt":"2023-07-10T08:12:32","slug":"contacte","status":"publish","type":"page","link":"https:\/\/rcostal.com\/ca\/contacte\/","title":{"rendered":"Contacte"},"content":{"rendered":"<div class=\"fusion-fullwidth fullwidth-box fusion-builder-row-1 fusion-flex-container nonhundred-percent-fullwidth non-hundred-percent-height-scrolling\" style=\"--awb-border-radius-top-left:0px;--awb-border-radius-top-right:0px;--awb-border-radius-bottom-right:0px;--awb-border-radius-bottom-left:0px;--awb-margin-bottom:6%;--awb-flex-wrap:wrap;\" ><div class=\"fusion-builder-row fusion-row fusion-flex-align-items-flex-start fusion-flex-content-wrap\" style=\"max-width:1404px;margin-left: calc(-4% \/ 2 );margin-right: calc(-4% \/ 2 );\"><div class=\"fusion-layout-column fusion_builder_column fusion-builder-column-0 fusion_builder_column_1_2 1_2 fusion-flex-column fusion-animated\" style=\"--awb-bg-size:cover;--awb-width-large:50%;--awb-margin-top-large:0px;--awb-spacing-right-large:3.84%;--awb-margin-bottom-large:20px;--awb-spacing-left-large:0%;--awb-width-medium:100%;--awb-spacing-right-medium:1.92%;--awb-spacing-left-medium:1.92%;--awb-width-small:100%;--awb-spacing-right-small:1.92%;--awb-spacing-left-small:1.92%;\" data-animationType=\"fadeIn\" data-animationDuration=\"1.0\" data-animationOffset=\"top-into-view\"><div class=\"fusion-column-wrapper fusion-column-has-shadow fusion-flex-justify-content-flex-start fusion-content-layout-column\"><div class=\"fusion-form fusion-form-builder fusion-form-form-wrapper fusion-form-1610\" style=\"--awb-tooltip-text-color:#ffffff;--awb-tooltip-background-color:#333333;--awb-form-placeholder-color:var(--awb-color4);--awb-form-label-color:var(--awb-color3);--awb-form-border-color:var(--awb-color2);\" data-form-id=\"1610\" data-config=\"{&quot;form_id&quot;:1610,&quot;form_post_id&quot;:1610,&quot;post_id&quot;:969,&quot;form_type&quot;:&quot;ajax&quot;,&quot;confirmation_type&quot;:&quot;message&quot;,&quot;redirect_url&quot;:&quot;&quot;,&quot;field_labels&quot;:{&quot;your_name&quot;:&quot;Nom&quot;,&quot;your_email&quot;:&quot;Mail&quot;,&quot;&quot;:&quot;&quot;,&quot;brief&quot;:&quot;Missatge&quot;},&quot;field_logics&quot;:{&quot;your_name&quot;:&quot;&quot;,&quot;your_email&quot;:&quot;&quot;,&quot;&quot;:&quot;&quot;,&quot;brief&quot;:&quot;&quot;,&quot;notice_1&quot;:&quot;&quot;},&quot;field_types&quot;:{&quot;your_name&quot;:&quot;text&quot;,&quot;your_email&quot;:&quot;email&quot;,&quot;&quot;:&quot;checkbox&quot;,&quot;brief&quot;:&quot;textarea&quot;,&quot;submit_1&quot;:&quot;submit&quot;,&quot;notice_1&quot;:&quot;notice&quot;},&quot;nonce_method&quot;:&quot;ajax&quot;}\"><form action=\"https:\/\/rcostal.com\/ca\/contacte\/\" method=\"post\" class=\"fusion-form fusion-form-1610\"><div class=\"fusion-fullwidth fullwidth-box fusion-builder-row-1-1 fusion-flex-container nonhundred-percent-fullwidth non-hundred-percent-height-scrolling\" style=\"--awb-border-radius-top-left:0px;--awb-border-radius-top-right:0px;--awb-border-radius-bottom-right:0px;--awb-border-radius-bottom-left:0px;--awb-padding-right:0px;--awb-flex-wrap:wrap;\" ><div class=\"fusion-builder-row fusion-row fusion-flex-align-items-flex-start fusion-flex-content-wrap\" style=\"width:104% !important;max-width:104% !important;margin-left: calc(-4% \/ 2 );margin-right: calc(-4% \/ 2 );\"><div class=\"fusion-layout-column fusion_builder_column fusion-builder-column-1 fusion_builder_column_1_1 1_1 fusion-flex-column\" style=\"--awb-bg-size:cover;--awb-width-large:100%;--awb-margin-top-large:0px;--awb-spacing-right-large:1.92%;--awb-margin-bottom-large:20px;--awb-spacing-left-large:1.92%;--awb-width-medium:100%;--awb-order-medium:0;--awb-spacing-right-medium:1.92%;--awb-spacing-left-medium:1.92%;--awb-width-small:100%;--awb-order-small:0;--awb-spacing-right-small:1.92%;--awb-spacing-left-small:1.92%;\"><div class=\"fusion-column-wrapper fusion-column-has-shadow fusion-flex-justify-content-flex-start fusion-content-layout-column\"><div class=\"fusion-form-field fusion-form-text-field fusion-form-label-above\" style=\"\" data-form-id=\"1610\"><div class=\"fusion-form-label-wrapper\"><label for=\"your_name\">Nom <abbr class=\"fusion-form-element-required\" title=\"required\">*<\/abbr><\/label><\/div><input type=\"text\" name=\"your_name\" id=\"your_name\" value=\"\"  class=\"fusion-form-input\" required=\"true\" aria-required=\"true\" data-holds-private-data=\"false\" minlength=\"0\"\/><\/div><div class=\"fusion-form-field fusion-form-email-field fusion-form-label-above\" style=\"\" data-form-id=\"1610\"><div class=\"fusion-form-label-wrapper\"><label for=\"your_email\">Mail <abbr class=\"fusion-form-element-required\" title=\"required\">*<\/abbr><\/label><\/div><input type=\"email\" name=\"your_email\" id=\"your_email\" value=\"\"  class=\"fusion-form-input\" required=\"true\" aria-required=\"true\" data-holds-private-data=\"false\"\/><\/div><div class=\"fusion-form-field fusion-form-text-field fusion-form-label-above\" style=\"\" data-form-id=\"1610\"><div class=\"fusion-form-label-wrapper\"><label for=\"\">Tema<\/label><\/div><input type=\"text\" name=\"\" id=\"\" value=\"\"  class=\"fusion-form-input\" data-holds-private-data=\"false\" minlength=\"0\"\/><\/div><div class=\"fusion-form-field fusion-form-textarea-field fusion-form-label-above\" style=\"\" data-form-id=\"1610\"><label for=\"brief\">Missatge<\/label><textarea cols=\"40\"  minlength=\"0\"  rows=\"4\" tabindex=\"\" id=\"brief\" name=\"brief\" class=\"fusion-form-input\" data-holds-private-data=\"false\"><\/textarea><\/div><div class=\"fusion-form-field fusion-form-checkbox-field fusion-form-label-above\" style=\"\" data-form-id=\"1610\"><fieldset><div class=\"fusion-form-checkbox\"><input tabindex=\"\" id=\"checkbox--1-0\" type=\"checkbox\" value=\"Accepto la <a href='https:\/\/rcostal.com\/ca\/nota-legal\/'>pol\u00edtica de privacitat<\/a>\" name=\"[]\" class=\"fusion-form-input\" data-holds-private-data=\"false\"\/><label for=\"checkbox--1-0\">Accepto la <a href='https:\/\/rcostal.com\/ca\/nota-legal\/'>pol\u00edtica de privacitat<\/a><\/label><\/div><\/fieldset><\/div><div class=\"fusion-form-field fusion-form-submit-field fusion-form-label-above\" style=\"\" data-form-id=\"1610\"><div ><button type=\"submit\" class=\"fusion-button button-flat fusion-button-default-size button-default fusion-button-default button-1 fusion-button-default-span  form-form-submit button-default\" style=\"--button_margin-bottom:30px;\" data-form-number=\"1610\" tabindex=\"\"><span class=\"fusion-button-text\">Envia<\/span><\/button><\/div><\/div><div class=\"form-submission-notices data-notice_1\" id=\"fusion-notices-1\"><div class=\"fusion-alert alert success alert-success fusion-alert-center fusion-form-response fusion-form-response-success awb-alert-native-link-color alert-dismissable awb-alert-close-boxed\" role=\"alert\"><div class=\"fusion-alert-content-wrapper\"><span class=\"alert-icon\"><i class=\"awb-icon-check-circle\" aria-hidden=\"true\"><\/i><\/span><span class=\"fusion-alert-content\">Gr\u00e0cies pel teu missatge. S'ha enviat correctament.<\/span><\/div><button type=\"button\" class=\"close toggle-alert\" data-dismiss=\"alert\" aria-label=\"Close\">&times;<\/button><\/div><div class=\"fusion-alert alert error alert-danger fusion-alert-center fusion-form-response fusion-form-response-error awb-alert-native-link-color alert-dismissable awb-alert-close-boxed\" role=\"alert\"><div class=\"fusion-alert-content-wrapper\"><span class=\"alert-icon\"><i class=\"awb-icon-exclamation-triangle\" aria-hidden=\"true\"><\/i><\/span><span class=\"fusion-alert-content\">S'ha produ\u00eft un error en intentar enviar el vostre missatge. Siusplau, intenta-ho m\u00e9s tard.<\/span><\/div><button type=\"button\" class=\"close toggle-alert\" data-dismiss=\"alert\" aria-label=\"Close\">&times;<\/button><\/div><\/div><\/div><\/div><\/div><\/div><\/form><\/div><\/div><\/div><div class=\"fusion-layout-column fusion_builder_column fusion-builder-column-2 fusion_builder_column_1_2 1_2 fusion-flex-column fusion-flex-align-self-flex-start fusion-animated\" style=\"--awb-bg-size:cover;--awb-width-large:50%;--awb-margin-top-large:0px;--awb-spacing-right-large:3.84%;--awb-margin-bottom-large:20px;--awb-spacing-left-large:3.84%;--awb-width-medium:100%;--awb-spacing-right-medium:1.92%;--awb-spacing-left-medium:1.92%;--awb-width-small:100%;--awb-spacing-right-small:1.92%;--awb-spacing-left-small:1.92%;\" data-animationType=\"fadeIn\" data-animationDuration=\"1.0\" data-animationOffset=\"top-into-view\"><div class=\"fusion-column-wrapper fusion-column-has-shadow fusion-flex-justify-content-center fusion-content-layout-column\"><div class=\"fusion-image-element \" style=\"--awb-caption-title-font-family:var(--h2_typography-font-family);--awb-caption-title-font-weight:var(--h2_typography-font-weight);--awb-caption-title-font-style:var(--h2_typography-font-style);--awb-caption-title-size:var(--h2_typography-font-size);--awb-caption-title-transform:var(--h2_typography-text-transform);--awb-caption-title-line-height:var(--h2_typography-line-height);--awb-caption-title-letter-spacing:var(--h2_typography-letter-spacing);\"><span class=\" fusion-imageframe imageframe-none imageframe-1 hover-type-none\"><img decoding=\"async\" width=\"2560\" height=\"1440\" alt=\"IMG_20221004_105806_1 (1)\" title=\"IMG_20221004_105806_1 (1)\" src=\"https:\/\/rcostal.com\/wp-content\/uploads\/2023\/07\/IMG_20221004_105806_1-1-scaled.jpg\" data-orig-src=\"https:\/\/rcostal.com\/wp-content\/uploads\/2023\/07\/IMG_20221004_105806_1-1-scaled.jpg\" class=\"lazyload img-responsive wp-image-2258\" srcset=\"data:image\/svg+xml,%3Csvg%20xmlns%3D%27http%3A%2F%2Fwww.w3.org%2F2000%2Fsvg%27%20width%3D%272560%27%20height%3D%271440%27%20viewBox%3D%270%200%202560%201440%27%3E%3Crect%20width%3D%272560%27%20height%3D%271440%27%20fill-opacity%3D%220%22%2F%3E%3C%2Fsvg%3E\" data-srcset=\"https:\/\/rcostal.com\/wp-content\/uploads\/2023\/07\/IMG_20221004_105806_1-1-200x113.jpg 200w, https:\/\/rcostal.com\/wp-content\/uploads\/2023\/07\/IMG_20221004_105806_1-1-400x225.jpg 400w, https:\/\/rcostal.com\/wp-content\/uploads\/2023\/07\/IMG_20221004_105806_1-1-600x338.jpg 600w, https:\/\/rcostal.com\/wp-content\/uploads\/2023\/07\/IMG_20221004_105806_1-1-800x450.jpg 800w, https:\/\/rcostal.com\/wp-content\/uploads\/2023\/07\/IMG_20221004_105806_1-1-1200x675.jpg 1200w, https:\/\/rcostal.com\/wp-content\/uploads\/2023\/07\/IMG_20221004_105806_1-1-scaled.jpg 2560w\" data-sizes=\"auto\" data-orig-sizes=\"(max-width: 900px) 100vw, (max-width: 640px) 100vw, 800px\" \/><\/span><\/div><div class=\"fusion-separator fusion-full-width-sep\" style=\"align-self: center;margin-left: auto;margin-right: auto;margin-top:10%;margin-bottom:6%;width:100%;\"><div class=\"fusion-separator-border sep-single sep-solid\" style=\"--awb-height:20px;--awb-amount:20px;border-color:hsla(var(--awb-color2-h),var(--awb-color2-s),var(--awb-color2-l),calc( var(--awb-color2-a) - 90% ));border-top-width:1px;\"><\/div><\/div><div class=\"fusion-title title fusion-title-1 fusion-sep-none fusion-title-text fusion-title-size-three\" style=\"--awb-text-color:var(--awb-color1);--awb-margin-bottom:10px;--awb-font-size:21px;\"><h3 class=\"fusion-title-heading title-heading-left fusion-responsive-typography-calculated\" style=\"margin:0;font-size:1em;--fontSize:21;line-height:var(--awb-typography1-line-height);\">Dades de contacte<\/h3><\/div><ul style=\"--awb-size:22px;--awb-line-height:37.4px;--awb-icon-width:37.4px;--awb-icon-height:37.4px;--awb-icon-margin:15.4px;--awb-content-margin:52.8px;--awb-circlecolor:hsla(var(--awb-color8-h),var(--awb-color8-s),calc( var(--awb-color8-l) + 12% ),var(--awb-color8-a));--awb-circle-yes-font-size:19.36px;\" class=\"fusion-checklist fusion-checklist-1 fusion-checklist-default type-icons\"><li class=\"fusion-li-item\" style=\"--awb-circlecolor:var(--awb-color7);--awb-iconcolor:var(--awb-color1);\"><span class=\"icon-wrapper circle-yes\"><i class=\"fusion-li-icon videographer-mobile\" aria-hidden=\"true\"><\/i><\/span><div class=\"fusion-li-item-content\">\n<p style=\"color: var(--awb-color1)fff; font-size: 19px; font-weight: 500;\"><span style=\"color: var(--awb-color1);\">Tel\u00e8fon<\/span><span style=\"color: var(--awb-color1);\"> :<\/span> <span style=\"color: var(--awb-color4);\">635407171<\/span><\/p>\n<\/div><\/li><\/ul><ul style=\"--awb-size:22px;--awb-line-height:37.4px;--awb-icon-width:37.4px;--awb-icon-height:37.4px;--awb-icon-margin:15.4px;--awb-content-margin:52.8px;--awb-circlecolor:hsla(var(--awb-color8-h),var(--awb-color8-s),calc( var(--awb-color8-l) + 12% ),var(--awb-color8-a));--awb-circle-yes-font-size:19.36px;\" class=\"fusion-checklist fusion-checklist-2 fusion-checklist-default type-icons\"><li class=\"fusion-li-item\" style=\"--awb-circlecolor:var(--awb-color7);\"><span class=\"icon-wrapper circle-yes\"><i class=\"fusion-li-icon fa-envelope fas\" aria-hidden=\"true\"><\/i><\/span><div class=\"fusion-li-item-content\">\n<p style=\"color: var(--awb-color1)fff; font-size: 19px; font-weight: 500;\"><span style=\"color: var(--awb-color1);\">Mail :<\/span> <span style=\"color: var(--awb-color4);\">rcostal77@rcostal<\/span><\/p>\n<\/div><\/li><\/ul><\/div><\/div><\/div><\/div>\n","protected":false},"excerpt":{"rendered":"","protected":false},"author":2,"featured_media":1740,"parent":0,"menu_order":50,"comment_status":"closed","ping_status":"closed","template":"100-width.php","meta":{"footnotes":""},"class_list":["post-969","page","type-page","status-publish","has-post-thumbnail","hentry"],"yoast_head":"<!-- This site is optimized with the Yoast SEO plugin v23.3 - https:\/\/yoast.com\/wordpress\/plugins\/seo\/ -->\n<title>Contacte - Raul Costal<\/title>\n<meta name=\"robots\" content=\"index, follow, max-snippet:-1, max-image-preview:large, max-video-preview:-1\" \/>\n<link rel=\"canonical\" href=\"https:\/\/rcostal.com\/ca\/contacte\/\" \/>\n<meta property=\"og:locale\" content=\"ca_ES\" \/>\n<meta property=\"og:type\" content=\"article\" \/>\n<meta property=\"og:title\" content=\"Contacte - Raul Costal\" \/>\n<meta property=\"og:url\" content=\"https:\/\/rcostal.com\/ca\/contacte\/\" \/>\n<meta property=\"og:site_name\" content=\"Raul Costal\" \/>\n<meta property=\"article:modified_time\" content=\"2023-07-10T08:12:32+00:00\" \/>\n<meta property=\"og:image\" content=\"https:\/\/rcostal.com\/wp-content\/uploads\/2020\/03\/P3_2.png\" \/>\n\t<meta property=\"og:image:width\" content=\"4466\" \/>\n\t<meta property=\"og:image:height\" content=\"2742\" \/>\n\t<meta property=\"og:image:type\" content=\"image\/png\" \/>\n<meta name=\"twitter:card\" content=\"summary_large_image\" \/>\n<meta name=\"twitter:label1\" content=\"Temps estimat de lectura\" \/>\n\t<meta name=\"twitter:data1\" content=\"2 minuts\" \/>\n<script type=\"application\/ld+json\" class=\"yoast-schema-graph\">{\"@context\":\"https:\/\/schema.org\",\"@graph\":[{\"@type\":\"WebPage\",\"@id\":\"https:\/\/rcostal.com\/ca\/contacte\/\",\"url\":\"https:\/\/rcostal.com\/ca\/contacte\/\",\"name\":\"Contacte - Raul Costal\",\"isPartOf\":{\"@id\":\"https:\/\/rcostal.com\/ca\/#website\"},\"primaryImageOfPage\":{\"@id\":\"https:\/\/rcostal.com\/ca\/contacte\/#primaryimage\"},\"image\":{\"@id\":\"https:\/\/rcostal.com\/ca\/contacte\/#primaryimage\"},\"thumbnailUrl\":\"https:\/\/rcostal.com\/wp-content\/uploads\/2020\/03\/P3_2.png\",\"datePublished\":\"2020-03-12T17:48:13+00:00\",\"dateModified\":\"2023-07-10T08:12:32+00:00\",\"breadcrumb\":{\"@id\":\"https:\/\/rcostal.com\/ca\/contacte\/#breadcrumb\"},\"inLanguage\":\"ca\",\"potentialAction\":[{\"@type\":\"ReadAction\",\"target\":[\"https:\/\/rcostal.com\/ca\/contacte\/\"]}]},{\"@type\":\"ImageObject\",\"inLanguage\":\"ca\",\"@id\":\"https:\/\/rcostal.com\/ca\/contacte\/#primaryimage\",\"url\":\"https:\/\/rcostal.com\/wp-content\/uploads\/2020\/03\/P3_2.png\",\"contentUrl\":\"https:\/\/rcostal.com\/wp-content\/uploads\/2020\/03\/P3_2.png\",\"width\":4466,\"height\":2742,\"caption\":\"P3_2\"},{\"@type\":\"BreadcrumbList\",\"@id\":\"https:\/\/rcostal.com\/ca\/contacte\/#breadcrumb\",\"itemListElement\":[{\"@type\":\"ListItem\",\"position\":1,\"name\":\"Portada\",\"item\":\"https:\/\/rcostal.com\/ca\/\"},{\"@type\":\"ListItem\",\"position\":2,\"name\":\"Contacte\"}]},{\"@type\":\"WebSite\",\"@id\":\"https:\/\/rcostal.com\/ca\/#website\",\"url\":\"https:\/\/rcostal.com\/ca\/\",\"name\":\"Raul Costal\",\"description\":\"Fotografia, impressi\u00f3, maquetaci\u00f3, reproducci\u00f3, digitalitzaci\u00f3 i conservaci\u00f3\",\"potentialAction\":[{\"@type\":\"SearchAction\",\"target\":{\"@type\":\"EntryPoint\",\"urlTemplate\":\"https:\/\/rcostal.com\/ca\/?s={search_term_string}\"},\"query-input\":\"required name=search_term_string\"}],\"inLanguage\":\"ca\"}]}<\/script>\n<!-- \/ Yoast SEO plugin. -->","yoast_head_json":{"title":"Contacte - Raul Costal","robots":{"index":"index","follow":"follow","max-snippet":"max-snippet:-1","max-image-preview":"max-image-preview:large","max-video-preview":"max-video-preview:-1"},"canonical":"https:\/\/rcostal.com\/ca\/contacte\/","og_locale":"ca_ES","og_type":"article","og_title":"Contacte - Raul Costal","og_url":"https:\/\/rcostal.com\/ca\/contacte\/","og_site_name":"Raul Costal","article_modified_time":"2023-07-10T08:12:32+00:00","og_image":[{"width":4466,"height":2742,"url":"https:\/\/rcostal.com\/wp-content\/uploads\/2020\/03\/P3_2.png","type":"image\/png"}],"twitter_card":"summary_large_image","twitter_misc":{"Temps estimat de lectura":"2 minuts"},"schema":{"@context":"https:\/\/schema.org","@graph":[{"@type":"WebPage","@id":"https:\/\/rcostal.com\/ca\/contacte\/","url":"https:\/\/rcostal.com\/ca\/contacte\/","name":"Contacte - Raul Costal","isPartOf":{"@id":"https:\/\/rcostal.com\/ca\/#website"},"primaryImageOfPage":{"@id":"https:\/\/rcostal.com\/ca\/contacte\/#primaryimage"},"image":{"@id":"https:\/\/rcostal.com\/ca\/contacte\/#primaryimage"},"thumbnailUrl":"https:\/\/rcostal.com\/wp-content\/uploads\/2020\/03\/P3_2.png","datePublished":"2020-03-12T17:48:13+00:00","dateModified":"2023-07-10T08:12:32+00:00","breadcrumb":{"@id":"https:\/\/rcostal.com\/ca\/contacte\/#breadcrumb"},"inLanguage":"ca","potentialAction":[{"@type":"ReadAction","target":["https:\/\/rcostal.com\/ca\/contacte\/"]}]},{"@type":"ImageObject","inLanguage":"ca","@id":"https:\/\/rcostal.com\/ca\/contacte\/#primaryimage","url":"https:\/\/rcostal.com\/wp-content\/uploads\/2020\/03\/P3_2.png","contentUrl":"https:\/\/rcostal.com\/wp-content\/uploads\/2020\/03\/P3_2.png","width":4466,"height":2742,"caption":"P3_2"},{"@type":"BreadcrumbList","@id":"https:\/\/rcostal.com\/ca\/contacte\/#breadcrumb","itemListElement":[{"@type":"ListItem","position":1,"name":"Portada","item":"https:\/\/rcostal.com\/ca\/"},{"@type":"ListItem","position":2,"name":"Contacte"}]},{"@type":"WebSite","@id":"https:\/\/rcostal.com\/ca\/#website","url":"https:\/\/rcostal.com\/ca\/","name":"Raul Costal","description":"Fotografia, impressi\u00f3, maquetaci\u00f3, reproducci\u00f3, digitalitzaci\u00f3 i conservaci\u00f3","potentialAction":[{"@type":"SearchAction","target":{"@type":"EntryPoint","urlTemplate":"https:\/\/rcostal.com\/ca\/?s={search_term_string}"},"query-input":"required name=search_term_string"}],"inLanguage":"ca"}]}},"_links":{"self":[{"href":"https:\/\/rcostal.com\/ca\/wp-json\/wp\/v2\/pages\/969"}],"collection":[{"href":"https:\/\/rcostal.com\/ca\/wp-json\/wp\/v2\/pages"}],"about":[{"href":"https:\/\/rcostal.com\/ca\/wp-json\/wp\/v2\/types\/page"}],"author":[{"embeddable":true,"href":"https:\/\/rcostal.com\/ca\/wp-json\/wp\/v2\/users\/2"}],"replies":[{"embeddable":true,"href":"https:\/\/rcostal.com\/ca\/wp-json\/wp\/v2\/comments?post=969"}],"version-history":[{"count":15,"href":"https:\/\/rcostal.com\/ca\/wp-json\/wp\/v2\/pages\/969\/revisions"}],"predecessor-version":[{"id":2275,"href":"https:\/\/rcostal.com\/ca\/wp-json\/wp\/v2\/pages\/969\/revisions\/2275"}],"wp:featuredmedia":[{"embeddable":true,"href":"https:\/\/rcostal.com\/ca\/wp-json\/wp\/v2\/media\/1740"}],"wp:attachment":[{"href":"https:\/\/rcostal.com\/ca\/wp-json\/wp\/v2\/media?parent=969"}],"curies":[{"name":"wp","href":"https:\/\/api.w.org\/{rel}","templated":true}]}}