{"id":2233,"date":"2023-05-11T10:11:50","date_gmt":"2023-05-11T10:11:50","guid":{"rendered":"https:\/\/rcostal.com\/nota-legal-y-politica-de-privacidad\/"},"modified":"2023-06-29T10:31:24","modified_gmt":"2023-06-29T10:31:24","slug":"nota-legal-y-politica-de-privacidad","status":"publish","type":"page","link":"https:\/\/rcostal.com\/es\/nota-legal-y-politica-de-privacidad\/","title":{"rendered":"Nota legal y Pol\u00edtica de privacidad"},"content":{"rendered":"<div class=\"fusion-fullwidth fullwidth-box fusion-builder-row-1 fusion-flex-container nonhundred-percent-fullwidth non-hundred-percent-height-scrolling\" style=\"--awb-border-radius-top-left:0px;--awb-border-radius-top-right:0px;--awb-border-radius-bottom-right:0px;--awb-border-radius-bottom-left:0px;--awb-flex-wrap:wrap;\" ><div class=\"fusion-builder-row fusion-row fusion-flex-align-items-flex-start fusion-flex-content-wrap\" style=\"max-width:1404px;margin-left: calc(-4% \/ 2 );margin-right: calc(-4% \/ 2 );\"><div class=\"fusion-layout-column fusion_builder_column fusion-builder-column-0 fusion_builder_column_1_1 1_1 fusion-flex-column\" style=\"--awb-bg-blend:overlay;--awb-bg-size:cover;--awb-width-large:100%;--awb-margin-top-large:0px;--awb-spacing-right-large:1.92%;--awb-margin-bottom-large:0px;--awb-spacing-left-large:1.92%;--awb-width-medium:100%;--awb-spacing-right-medium:1.92%;--awb-spacing-left-medium:1.92%;--awb-width-small:100%;--awb-spacing-right-small:1.92%;--awb-spacing-left-small:1.92%;\"><div class=\"fusion-column-wrapper fusion-flex-justify-content-flex-start fusion-content-layout-column\"><div class=\"fusion-text fusion-text-1\"><p>\n&#13;<\/p>\n<h2 class=\"wp-block-heading\">\u00a0<\/h2>\n<p>&#13;<\/p>\n<h1 style=\"font-size: 43px;\" data-fusion-font=\"true\">AVISO LEGAL Y POL\u00cdTICA DE PRIVACIDAD<\/h1>\n<p>&#13;<\/p>\n<p style=\"font-size: 36px;\" data-fusion-font=\"true\"><b style=\"font-size: 25px;\" data-fusion-font=\"true\">CONDICIONES DE USO<\/b><\/p>\n<p>&#13;<\/p>\n<p style=\"font-size: 18px;\" data-fusion-font=\"true\">En cumplimiento de la Ley 34\/2002, de 11 de julio, de Servicios de la Sociedad de la Informaci\u00f3n y de Comercio Electr\u00f3nico (LSSI-CE), RA\u00dcL COSTAL JULI\u00c0 informa que es titular del sitio web <b>www.rcostal.com<\/b>. De acuerdo con la exigencia del art\u00edculo 10 de la citada Ley, RA\u00dcL COSTAL JULI\u00c0 informa de los siguientes datos:<\/p>\n<p>&#13;<\/p>\n<p style=\"font-size: 18px;\" data-fusion-font=\"true\">El titular de este sitio web es RA\u00dcL COSTAL JULI\u00c0, con DNI 77913419E y domicilio social en C\/ Migdia, 90-92, 5-1 &#8211; 17003 GIRONA. La direcci\u00f3n de correo electr\u00f3nico de contacto con la empresa es: raul@rcostal.com.<\/p>\n<p>&#13;<\/p>\n<p style=\"font-size: 25px;\" data-fusion-font=\"true\"><b>USUARIO Y R\u00c9GIMEN DE RESPONSABILIDADES <\/b><\/p>\n<p>&#13;<\/p>\n<p style=\"font-size: 18px;\" data-fusion-font=\"true\">La navegaci\u00f3n, acceso y uso por el sitio web de RA\u00dcL COSTAL JULI\u00c0 confiere la condici\u00f3n de usuario, por la que se aceptan, desde la navegaci\u00f3n por el sitio web de RA\u00dcL COSTAL JULI\u00c0, todas las condiciones de uso aqu\u00ed establecidas sin perjuicio de la aplicaci\u00f3n de la correspondiente normativa de obligado cumplimiento legal seg\u00fan el caso.<\/p>\n<p>&#13;<\/p>\n<p style=\"font-size: 18px;\" data-fusion-font=\"true\">El sitio web de RA\u00dcL COSTAL JULI\u00c0 proporciona gran diversidad de informaci\u00f3n, servicios y datos. El usuario asume su responsabilidad en el uso correcto del sitio web. Esta responsabilidad se extender\u00e1 a:<\/p>\n<p>&#13;<\/p>\n<p style=\"font-size: 18px;\" data-fusion-font=\"true\">\u00b7 La veracidad y licitud de las informaciones aportadas por el usuario en los formularios extendidos por RA\u00dcL COSTAL JULI\u00c0 para el acceso a ciertos contenidos o servicios ofrecidos por el sitio web.<\/p>\n<p>&#13;<\/p>\n<p style=\"font-size: 18px;\" data-fusion-font=\"true\">\u00b7 El uso de la informaci\u00f3n, servicios y datos ofrecidos por RA\u00dcL COSTAL JULI\u00c0 contrariamente a lo dispuesto por las presentes condiciones, la Ley, la moral, las buenas costumbres o el orden p\u00fablico, o que de cualquier otro modo puedan suponer lesi\u00f3n de los derechos de terceros o del mismo funcionamiento del sitio web.<\/p>\n<p>&#13;<\/p>\n<p><b style=\"font-size: 25px;\" data-fusion-font=\"true\">POL\u00cdTICA DE ENLACES Y EXENCIONES DE RESPONSABILIDAD <\/b><\/p>\n<p>&#13;<\/p>\n<p style=\"font-size: 18px;\" data-fusion-font=\"true\">RA\u00dcL COSTAL JULI\u00c0 no se hace responsable del contenido de los sitios web a los que el usuario pueda acceder a trav\u00e9s de los enlaces establecidos en su sitio web y declara que en ning\u00fan caso proceder\u00e1 a examinar o ejercitar ning\u00fan tipo de control sobre el contenido de otros sitios de la red. Asimismo, tampoco garantizar\u00e1 la disponibilidad t\u00e9cnica, exactitud, veracidad, validez o legalidad de sitios ajenos a su propiedad a los que se pueda acceder por medio de los enlaces.<\/p>\n<p>&#13;<\/p>\n<p style=\"font-size: 18px;\" data-fusion-font=\"true\">RA\u00dcL COSTAL JULI\u00c0 declara haber adoptado todas las medidas necesarias para evitar cualquier da\u00f1o a los usuarios de su sitio web, que pudieran derivarse de la navegaci\u00f3n por su sitio web. En consecuencia, RA\u00dcL COSTAL JULI\u00c0 no se hace responsable, en ning\u00fan caso, de los eventuales da\u00f1os que por la navegaci\u00f3n por Internet pudiera sufrir el usuario.<\/p>\n<p>&#13;<\/p>\n<p><b><span style=\"font-size: 25px;\" data-fusion-font=\"true\">MODIFICACIONES<\/span> <\/b><\/p>\n<p>&#13;<\/p>\n<p style=\"font-size: 18px;\" data-fusion-font=\"true\">RA\u00dcL COSTAL JULI\u00c0 se reserva el derecho a realizar las modificaciones que considere oportunas, sin aviso previo, en el contenido de su sitio web. Tanto en lo referente a los contenidos del sitio web, como en las condiciones de uso del mismo. Dichas modificaciones podr\u00e1n realizarse a trav\u00e9s de su sitio web por cualquier forma admisible en derecho y ser\u00e1n de obligado cumplimiento durante el tiempo en que se encuentren publicadas en la web y hasta que no sean modificadas v\u00e1lidamente por otras posteriores.<\/p>\n<p>&#13;<\/p>\n<p style=\"font-size: 25px;\" data-fusion-font=\"true\"><b>PROTECCI\u00d3N DE DATOS &#8211; POL\u00cdTICA DE PRIVACIDAD<\/b><\/p>\n<p>&#13;<\/p>\n<p style=\"font-size: 18px;\" data-fusion-font=\"true\">RA\u00dcL COSTAL JULI\u00c0 es el Responsable del tratamiento de los datos personales del Usuario y le informa que estos datos ser\u00e1n tratados de conformidad con lo dispuesto en las normativas vigentes en protecci\u00f3n de datos personales, el Reglamento (UE) 2016\/679 de 27 de abril de 2016 (GDPR) y Ley Org\u00e1nica 3\/2018, de 5 de diciembre, de Protecci\u00f3n de Datos Personales y garant\u00eda de los derechos digitales, por lo que se le facilita la siguiente informaci\u00f3n del tratamiento:<\/p>\n<p>&#13;<\/p>\n<p style=\"font-size: 18px;\" data-fusion-font=\"true\"><b>Fin del tratamiento:<\/b> mantener una relaci\u00f3n comercial y el env\u00edo de comunicaciones sobre nuestros productos y servicios.<\/p>\n<p>&#13;<\/p>\n<p style=\"font-size: 18px;\" data-fusion-font=\"true\"><b>Criterios de conservaci\u00f3n de los datos: <\/b>se conservar\u00e1n mientras exista un inter\u00e9s mutuo para mantener el fin del tratamiento y cuando ya no sea necesario para tal fin, se suprimir\u00e1n con medidas de seguridad adecuadas para garantizar la pseudonimizaci\u00f3n de los datos o la destrucci\u00f3n total de los mismos.<\/p>\n<p>&#13;<\/p>\n<p style=\"font-size: 18px;\" data-fusion-font=\"true\"><b>Comunicaci\u00f3n de los datos:<\/b> No se comunicar\u00e1n los datos a terceros, salvo obligaci\u00f3n legal.<\/p>\n<p>&#13;<\/p>\n<p style=\"font-size: 18px;\" data-fusion-font=\"true\">b Derecho a retirar el consentimiento en cualquier momento. Derecho de acceso, rectificaci\u00f3n, portabilidad y supresi\u00f3n de sus datos y a la limitaci\u00f3n u oposici\u00f3n a su tratamiento. Derecho a presentar una reclamaci\u00f3n ante la Autoridad de control (agpd.es) si considera que el tratamiento no se ajusta a la normativa vigente.<\/p>\n<p>&#13;<\/p>\n<p style=\"font-size: 18px;\" data-fusion-font=\"true\"><b>Datos de contacto para ejercer sus derechos:<\/b> Direcci\u00f3n postal: RA\u00dcL COSTAL JULI\u00c0 &#8211; C\/ Migdia, 90-92, 5-1, 17003 GIRONA. Direcci\u00f3n electr\u00f3nica: raul@rcostal.com.<\/p>\n<p>&#13;<\/p>\n<p style=\"font-size: 18px;\" data-fusion-font=\"true\">Mientras el usuario no comunique lo contrario a RA\u00dcL COSTAL JULI\u00c0, \u00e9ste entender\u00e1 que sus datos no han sido modificados, que el usuario se compromete a notificar a RA\u00dcL COSTAL JULI\u00c0 cualquier variaci\u00f3n y que RA\u00dcL COSTAL JULI\u00c0 tiene el consentimiento para utilizarlos a fin de poder fidelizar la relaci\u00f3n entre las partes. El usuario acepta, de forma expresa, que existe la posibilidad de realizar comunicaciones a trav\u00e9s de correo electr\u00f3nico y de sistemas de mensajer\u00eda instant\u00e1nea como Whatsapp, Facebook Messenger o Instagram con la finalidad de agilizar la gesti\u00f3n de las informaciones solicitadas o los servicios contratados.<\/p>\n<p>&#13;<\/p>\n<p style=\"font-size: 25px;\" data-fusion-font=\"true\"><b>PROPIEDAD INTELECTUAL E INDUSTRIAL <\/b><\/p>\n<p>&#13;<\/p>\n<p style=\"font-size: 18px;\" data-fusion-font=\"true\">RA\u00dcL COSTAL JULI\u00c0 por s\u00ed mismo o como cesionario, es titular de todos los derechos de propiedad intelectual e industrial de su p\u00e1gina web, as\u00ed como de los elementos contenidos en la misma (a t\u00edtulo enunciativo, im\u00e1genes, sonido, audio, v\u00eddeo, software o textos; marcas o logotipos, combinaciones de colores, estructura y dise\u00f1o, selecci\u00f3n de materiales usados, programas de ordenador necesarios para su funcionamiento, acceso y uso, etc.), titularidad de RA\u00dcL COSTAL JULI\u00c0. Ser\u00e1n, por consiguiente, obras protegidas como propiedad intelectual por el ordenamiento jur\u00eddico espa\u00f1ol, si\u00e9ndoles aplicables tanto la normativa espa\u00f1ola y comunitaria en este campo, como los tratados internacionales relativos a la materia y suscritos por Espa\u00f1a.<\/p>\n<p>&#13;<\/p>\n<p style=\"font-size: 18px;\" data-fusion-font=\"true\">Todos los derechos reservados. En virtud de lo dispuesto en los art\u00edculos 8 y 32.1, p\u00e1rrafo segundo, de la Ley de Propiedad Intelectual, quedan expresamente prohibidas la reproducci\u00f3n, la distribuci\u00f3n y la comunicaci\u00f3n p\u00fablica, incluida su modalidad de puesta a disposici\u00f3n, de la totalidad o parte de los contenidos de esta p\u00e1gina web, con fines comerciales, en cualquier soporte y por cualquier medio t\u00e9cnico, sin la autorizaci\u00f3n de RA\u00dcL COSTAL JULI\u00c0.<\/p>\n<p>&#13;<\/p>\n<p style=\"font-size: 18px;\" data-fusion-font=\"true\">El usuario se compromete a respetar los derechos de Propiedad Intelectual e Industrial titularidad de RA\u00dcL COSTAL JULI\u00c0. Podr\u00e1 visualizar los elementos del portal e incluso imprimirlos, copiarlos y almacenarlos en el disco duro de su ordenador o en cualquier otro soporte f\u00edsico siempre y cuando sea, \u00fanica y exclusivamente, para su uso personal y privado. El usuario deber\u00e1 abstenerse de suprimir, alterar, eludir o manipular cualquier dispositivo de protecci\u00f3n o sistema de seguridad que estuviera instalado en las p\u00e1ginas de RA\u00dcL COSTAL JULI\u00c0.<\/p>\n<p>&#13;<\/p>\n<p style=\"font-size: 25px;\" data-fusion-font=\"true\"><b>ACCIONES LEGALES, LEGISLACI\u00d3N APLICABLE Y JURISDICCI\u00d3N <\/b><\/p>\n<p>&#13;<\/p>\n<p style=\"font-size: 18px;\" data-fusion-font=\"true\">RA\u00dcL COSTAL JULI\u00c0 se reserva, asimismo, la facultad de presentar las acciones civiles o penales que considere oportunas por la utilizaci\u00f3n indebida de su sitio web y contenidos, o por el incumplimiento de las presentes condiciones.<\/p>\n<p>&#13;<\/p>\n<p style=\"font-size: 18px;\" data-fusion-font=\"true\">La relaci\u00f3n entre el usuario y el prestador se regir\u00e1 por la normativa vigente y de aplicaci\u00f3n en el territorio espa\u00f1ol. De surgir cualquier controversia las partes podr\u00e1n someter sus conflictos a arbitraje o acudir a la jurisdicci\u00f3n ordinaria cumpliendo con las normas sobre jurisdicci\u00f3n y competencia al respecto. RA\u00dcL COSTAL JULI\u00c0 tiene su domicilio en C\/ MIGDIA, 90-92, 5-1, 17003 GIRONA, Espa\u00f1a.<\/p>\n<p>&#13;<\/p>\n<\/div><\/div><\/div><\/div><\/div>\n","protected":false},"excerpt":{"rendered":"","protected":false},"author":2,"featured_media":2110,"parent":0,"menu_order":300,"comment_status":"closed","ping_status":"closed","template":"","meta":{"footnotes":""},"class_list":["post-2233","page","type-page","status-publish","has-post-thumbnail","hentry"],"yoast_head":"<!-- This site is optimized with the Yoast SEO plugin v23.3 - https:\/\/yoast.com\/wordpress\/plugins\/seo\/ -->\n<title>Nota legal y Pol\u00edtica de privacidad - Raul Costal<\/title>\n<meta name=\"robots\" content=\"index, follow, max-snippet:-1, max-image-preview:large, max-video-preview:-1\" \/>\n<link rel=\"canonical\" href=\"https:\/\/rcostal.com\/es\/nota-legal-y-politica-de-privacidad\/\" \/>\n<meta property=\"og:locale\" content=\"es_ES\" \/>\n<meta property=\"og:type\" content=\"article\" \/>\n<meta property=\"og:title\" content=\"Nota legal y Pol\u00edtica de privacidad - Raul Costal\" \/>\n<meta property=\"og:url\" content=\"https:\/\/rcostal.com\/es\/nota-legal-y-politica-de-privacidad\/\" \/>\n<meta property=\"og:site_name\" content=\"Raul Costal\" \/>\n<meta property=\"article:modified_time\" content=\"2023-06-29T10:31:24+00:00\" \/>\n<meta property=\"og:image\" content=\"https:\/\/rcostal.com\/wp-content\/uploads\/2020\/03\/P4_3-scaled.jpg\" \/>\n\t<meta property=\"og:image:width\" content=\"2560\" \/>\n\t<meta property=\"og:image:height\" content=\"1920\" \/>\n\t<meta property=\"og:image:type\" content=\"image\/jpeg\" \/>\n<meta name=\"twitter:card\" content=\"summary_large_image\" \/>\n<meta name=\"twitter:label1\" content=\"Tiempo de lectura\" \/>\n\t<meta name=\"twitter:data1\" content=\"7 minutos\" \/>\n<script type=\"application\/ld+json\" class=\"yoast-schema-graph\">{\"@context\":\"https:\/\/schema.org\",\"@graph\":[{\"@type\":\"WebPage\",\"@id\":\"https:\/\/rcostal.com\/es\/nota-legal-y-politica-de-privacidad\/\",\"url\":\"https:\/\/rcostal.com\/es\/nota-legal-y-politica-de-privacidad\/\",\"name\":\"Nota legal y Pol\u00edtica de privacidad - Raul Costal\",\"isPartOf\":{\"@id\":\"https:\/\/rcostal.com\/es\/#website\"},\"primaryImageOfPage\":{\"@id\":\"https:\/\/rcostal.com\/es\/nota-legal-y-politica-de-privacidad\/#primaryimage\"},\"image\":{\"@id\":\"https:\/\/rcostal.com\/es\/nota-legal-y-politica-de-privacidad\/#primaryimage\"},\"thumbnailUrl\":\"https:\/\/rcostal.com\/wp-content\/uploads\/2020\/03\/P4_3-scaled.jpg\",\"datePublished\":\"2023-05-11T10:11:50+00:00\",\"dateModified\":\"2023-06-29T10:31:24+00:00\",\"breadcrumb\":{\"@id\":\"https:\/\/rcostal.com\/es\/nota-legal-y-politica-de-privacidad\/#breadcrumb\"},\"inLanguage\":\"es\",\"potentialAction\":[{\"@type\":\"ReadAction\",\"target\":[\"https:\/\/rcostal.com\/es\/nota-legal-y-politica-de-privacidad\/\"]}]},{\"@type\":\"ImageObject\",\"inLanguage\":\"es\",\"@id\":\"https:\/\/rcostal.com\/es\/nota-legal-y-politica-de-privacidad\/#primaryimage\",\"url\":\"https:\/\/rcostal.com\/wp-content\/uploads\/2020\/03\/P4_3-scaled.jpg\",\"contentUrl\":\"https:\/\/rcostal.com\/wp-content\/uploads\/2020\/03\/P4_3-scaled.jpg\",\"width\":2560,\"height\":1920,\"caption\":\"P4_3\"},{\"@type\":\"BreadcrumbList\",\"@id\":\"https:\/\/rcostal.com\/es\/nota-legal-y-politica-de-privacidad\/#breadcrumb\",\"itemListElement\":[{\"@type\":\"ListItem\",\"position\":1,\"name\":\"Portada\",\"item\":\"https:\/\/rcostal.com\/es\/\"},{\"@type\":\"ListItem\",\"position\":2,\"name\":\"Nota legal y Pol\u00edtica de privacidad\"}]},{\"@type\":\"WebSite\",\"@id\":\"https:\/\/rcostal.com\/es\/#website\",\"url\":\"https:\/\/rcostal.com\/es\/\",\"name\":\"Raul Costal\",\"description\":\"Fotografia, impressi\u00f3, maquetaci\u00f3, reproducci\u00f3, digitalitzaci\u00f3 i conservaci\u00f3\",\"potentialAction\":[{\"@type\":\"SearchAction\",\"target\":{\"@type\":\"EntryPoint\",\"urlTemplate\":\"https:\/\/rcostal.com\/es\/?s={search_term_string}\"},\"query-input\":\"required name=search_term_string\"}],\"inLanguage\":\"es\"}]}<\/script>\n<!-- \/ Yoast SEO plugin. -->","yoast_head_json":{"title":"Nota legal y Pol\u00edtica de privacidad - Raul Costal","robots":{"index":"index","follow":"follow","max-snippet":"max-snippet:-1","max-image-preview":"max-image-preview:large","max-video-preview":"max-video-preview:-1"},"canonical":"https:\/\/rcostal.com\/es\/nota-legal-y-politica-de-privacidad\/","og_locale":"es_ES","og_type":"article","og_title":"Nota legal y Pol\u00edtica de privacidad - Raul Costal","og_url":"https:\/\/rcostal.com\/es\/nota-legal-y-politica-de-privacidad\/","og_site_name":"Raul Costal","article_modified_time":"2023-06-29T10:31:24+00:00","og_image":[{"width":2560,"height":1920,"url":"https:\/\/rcostal.com\/wp-content\/uploads\/2020\/03\/P4_3-scaled.jpg","type":"image\/jpeg"}],"twitter_card":"summary_large_image","twitter_misc":{"Tiempo de lectura":"7 minutos"},"schema":{"@context":"https:\/\/schema.org","@graph":[{"@type":"WebPage","@id":"https:\/\/rcostal.com\/es\/nota-legal-y-politica-de-privacidad\/","url":"https:\/\/rcostal.com\/es\/nota-legal-y-politica-de-privacidad\/","name":"Nota legal y Pol\u00edtica de privacidad - Raul Costal","isPartOf":{"@id":"https:\/\/rcostal.com\/es\/#website"},"primaryImageOfPage":{"@id":"https:\/\/rcostal.com\/es\/nota-legal-y-politica-de-privacidad\/#primaryimage"},"image":{"@id":"https:\/\/rcostal.com\/es\/nota-legal-y-politica-de-privacidad\/#primaryimage"},"thumbnailUrl":"https:\/\/rcostal.com\/wp-content\/uploads\/2020\/03\/P4_3-scaled.jpg","datePublished":"2023-05-11T10:11:50+00:00","dateModified":"2023-06-29T10:31:24+00:00","breadcrumb":{"@id":"https:\/\/rcostal.com\/es\/nota-legal-y-politica-de-privacidad\/#breadcrumb"},"inLanguage":"es","potentialAction":[{"@type":"ReadAction","target":["https:\/\/rcostal.com\/es\/nota-legal-y-politica-de-privacidad\/"]}]},{"@type":"ImageObject","inLanguage":"es","@id":"https:\/\/rcostal.com\/es\/nota-legal-y-politica-de-privacidad\/#primaryimage","url":"https:\/\/rcostal.com\/wp-content\/uploads\/2020\/03\/P4_3-scaled.jpg","contentUrl":"https:\/\/rcostal.com\/wp-content\/uploads\/2020\/03\/P4_3-scaled.jpg","width":2560,"height":1920,"caption":"P4_3"},{"@type":"BreadcrumbList","@id":"https:\/\/rcostal.com\/es\/nota-legal-y-politica-de-privacidad\/#breadcrumb","itemListElement":[{"@type":"ListItem","position":1,"name":"Portada","item":"https:\/\/rcostal.com\/es\/"},{"@type":"ListItem","position":2,"name":"Nota legal y Pol\u00edtica de privacidad"}]},{"@type":"WebSite","@id":"https:\/\/rcostal.com\/es\/#website","url":"https:\/\/rcostal.com\/es\/","name":"Raul Costal","description":"Fotografia, impressi\u00f3, maquetaci\u00f3, reproducci\u00f3, digitalitzaci\u00f3 i conservaci\u00f3","potentialAction":[{"@type":"SearchAction","target":{"@type":"EntryPoint","urlTemplate":"https:\/\/rcostal.com\/es\/?s={search_term_string}"},"query-input":"required name=search_term_string"}],"inLanguage":"es"}]}},"_links":{"self":[{"href":"https:\/\/rcostal.com\/es\/wp-json\/wp\/v2\/pages\/2233"}],"collection":[{"href":"https:\/\/rcostal.com\/es\/wp-json\/wp\/v2\/pages"}],"about":[{"href":"https:\/\/rcostal.com\/es\/wp-json\/wp\/v2\/types\/page"}],"author":[{"embeddable":true,"href":"https:\/\/rcostal.com\/es\/wp-json\/wp\/v2\/users\/2"}],"replies":[{"embeddable":true,"href":"https:\/\/rcostal.com\/es\/wp-json\/wp\/v2\/comments?post=2233"}],"version-history":[{"count":1,"href":"https:\/\/rcostal.com\/es\/wp-json\/wp\/v2\/pages\/2233\/revisions"}],"predecessor-version":[{"id":2234,"href":"https:\/\/rcostal.com\/es\/wp-json\/wp\/v2\/pages\/2233\/revisions\/2234"}],"wp:featuredmedia":[{"embeddable":true,"href":"https:\/\/rcostal.com\/es\/wp-json\/wp\/v2\/media\/2110"}],"wp:attachment":[{"href":"https:\/\/rcostal.com\/es\/wp-json\/wp\/v2\/media?parent=2233"}],"curies":[{"name":"wp","href":"https:\/\/api.w.org\/{rel}","templated":true}]}}