{"id":2235,"date":"2023-05-11T10:14:28","date_gmt":"2023-05-11T10:14:28","guid":{"rendered":"https:\/\/rcostal.com\/politica-de-cookies\/"},"modified":"2023-06-29T10:33:19","modified_gmt":"2023-06-29T10:33:19","slug":"politica-de-cookies","status":"publish","type":"page","link":"https:\/\/rcostal.com\/es\/politica-de-cookies\/","title":{"rendered":"Pol\u00edtica de cookies"},"content":{"rendered":"<div class=\"fusion-fullwidth fullwidth-box fusion-builder-row-1 fusion-flex-container nonhundred-percent-fullwidth non-hundred-percent-height-scrolling\" style=\"--awb-border-radius-top-left:0px;--awb-border-radius-top-right:0px;--awb-border-radius-bottom-right:0px;--awb-border-radius-bottom-left:0px;--awb-flex-wrap:wrap;\" ><div class=\"fusion-builder-row fusion-row fusion-flex-align-items-flex-start fusion-flex-content-wrap\" style=\"max-width:1404px;margin-left: calc(-4% \/ 2 );margin-right: calc(-4% \/ 2 );\"><div class=\"fusion-layout-column fusion_builder_column fusion-builder-column-0 fusion_builder_column_1_1 1_1 fusion-flex-column\" style=\"--awb-bg-size:cover;--awb-width-large:100%;--awb-margin-top-large:0px;--awb-spacing-right-large:1.92%;--awb-margin-bottom-large:0px;--awb-spacing-left-large:1.92%;--awb-width-medium:100%;--awb-spacing-right-medium:1.92%;--awb-spacing-left-medium:1.92%;--awb-width-small:100%;--awb-spacing-right-small:1.92%;--awb-spacing-left-small:1.92%;\"><div class=\"fusion-column-wrapper fusion-flex-justify-content-flex-start fusion-content-layout-column\"><div class=\"fusion-text fusion-text-1\"><p><h1 class=\"wp-block-heading\" data-fusion-font=\"true\" style=\"font-size: 43px;\">POL\u00cdTICA DE COOKIES<\/h1>\n<p>El sitio Web de RA\u00dcL COSTAL JULI\u00c0 utiliza cookies (peque\u00f1os archivos de informaci\u00f3n que el servidor env\u00eda al ordenador de quien accede a la p\u00e1gina) para el correcto funcionamiento y visualizaci\u00f3n de los sitios Web por parte del usuario, as\u00ed como la recogida de estad\u00edsticas. En concreto, se utilizan las siguientes Cookies:<\/p>\n<\/p>\n<p><h2 class=\"wp-block-heading\"><br\/><\/h2><\/p>\n<\/div>\n<table width=\"100%\">\n<thead>\n<tr>\n<th align=\"left\">Nombre de la cookie<\/th>\n<th align=\"left\">Finalidad<\/th>\n<th align=\"left\">Expira<\/th>\n<\/tr>\n<\/thead>\n<tbody>\n<tr>\n<td align=\"left\">CookieConsent<\/td>\n<td align=\"left\">Funci\u00f3n de aceptaci\u00f3n de cookies en sitios web<\/td>\n<td align=\"left\">Permanente<\/td>\n<\/tr>\n<\/tbody>\n<\/table>\n<div class=\"fusion-text fusion-text-2\" style=\"--awb-margin-top:100px;\"><p>RA\u00dcL COSTAL JULI\u00c0 muestra informaci\u00f3n sobre su Pol\u00edtica de cookies con cada inicio de sesi\u00f3n con el objeto de que usted sea consciente.<\/p>\n<p>Ante esta informaci\u00f3n es posible llevar a cabo las siguientes acciones:<\/p>\n<\/p>\n<p style=\"padding-left: 40px;\"><b>&#8211; Aceptar cookies<\/b>: <span style=\"color: var(--awb-text-color); font-family: var(--awb-text-font-family); font-size: var(--awb-font-size); font-style: var(--awb-text-font-style); letter-spacing: var(--awb-letter-spacing); text-align: var(--awb-content-alignment); text-transform: var(--awb-text-transform); background-color: var(--awb-bg-color-hover);\">No se volver\u00e1 a visualizar este aviso al acceder a cualquier p\u00e1gina del portal durante la presente sesi\u00f3n.<\/span><\/p>\n<\/p>\n<p style=\"padding-left: 40px;\"><b>&#8211; Modificar la configuraci\u00f3n:<\/b><span style=\"font-weight: var(--awb-text-font-weight); color: var(--awb-text-color); font-family: var(--awb-text-font-family); font-size: var(--awb-font-size); font-style: var(--awb-text-font-style); letter-spacing: var(--awb-letter-spacing); text-align: var(--awb-content-alignment); text-transform: var(--awb-text-transform); background-color: var(--awb-bg-color-hover);\"> <\/span><span style=\"color: var(--awb-text-color); font-family: var(--awb-text-font-family); font-size: var(--awb-font-size); font-style: var(--awb-text-font-style); letter-spacing: var(--awb-letter-spacing); text-align: var(--awb-content-alignment); text-transform: var(--awb-text-transform); background-color: var(--awb-bg-color-hover);\">Podr\u00e1 obtener m\u00e1s informaci\u00f3n sobre qu\u00e9 son las cookies, conocer la Pol\u00edtica de cookies y modificar la configuraci\u00f3n de su navegador para restringir o bloquear las cookies en cualquier momento. En el caso de restringir o bloquear las cookies puede ver reducidas las funcionalidades de la web.<\/span><\/p>\n<\/p>\n<p style=\"padding-left: 40px;\">&#8211; <span style=\"font-weight: bold; color: var(--awb-text-color); font-family: var(--awb-text-font-family); font-size: var(--awb-font-size); font-style: var(--awb-text-font-style); letter-spacing: var(--awb-letter-spacing); text-align: var(--awb-content-alignment); text-transform: var(--awb-text-transform); background-color: var(--awb-bg-color-hover);\">Seguir navegando o moverse por la barra de desplazamiento<\/span><span style=\"color: var(--awb-text-color); font-family: var(--awb-text-font-family); font-size: var(--awb-font-size); font-style: var(--awb-text-font-style); font-weight: var(--awb-text-font-weight); letter-spacing: var(--awb-letter-spacing); text-align: var(--awb-content-alignment); text-transform: var(--awb-text-transform); background-color: var(--awb-bg-color-hover);\">: en cuyo caso consideramos que acepta su uso.<\/span><\/p>\n<\/p>\n<p>Usted puede restringir, bloquear o borrar las cookies de RA\u00dcL COSTAL JULI\u00c0 o cualquier otra p\u00e1gina web, utilizando su navegador. En cada navegador la operativa es diferente, la funci\u00f3n de \u201cAyuda\u00bb le mostrar\u00e1 c\u00f3mo hacerlo.<\/p>\n<p>Internet Explorer: <a href=\"https:\/\/support.microsoft.com\/es-es\/windows\/eliminar-y-administrar-cookies-168dab11-0753-043d-7c16-ede5947fc64d#ie=\">https:\/\/support.microsoft.com\/es-es\/windows\/eliminar-y-administrar-cookies-168dab11-0753-043d-7c16-ede5947fc64d#ie=<\/a><\/p>\n<p>FireFox: <a href=\"https:\/\/nouimpuls.webvolution.es\/politicas-de-cookies\/support.mozilla.org\/es\/kb\/Borrar%20cookies\">support.mozilla.org\/es\/kb\/Borrar%20cookies<\/a><\/p>\n<p>Chrome: <a href=\"http:\/\/support.google.com\/chrome\/answer\/95647?hl=\">http:\/\/support.google.com\/chrome\/answer\/95647?hl=<\/a><\/p>\n<p>Safari: <a href=\"http:\/\/www.apple.com\/es\/privacy\/use-of-cookies\/\">http:\/\/www.apple.com\/es\/privacy\/use-of-cookies\/<\/a><\/p>\n<p>Adem\u00e1s, tambi\u00e9n puede gestionar el almac\u00e9n de cookies en su navegador a trav\u00e9s de herramientas como las siguientes:<\/p>\n<p>Ghostery: <a href=\"https:\/\/nouimpuls.webvolution.es\/politicas-de-cookies\/www.ghostery.com\/\">www.ghostery.com\/<\/a><\/p>\n<p>Your online choices: <a href=\"https:\/\/nouimpuls.webvolution.es\/politicas-de-cookies\/www.youronlinechoices.com\/es\/\">www.youronlinechoices.com\/es\/<\/a><\/p>\n<p><b style=\"color: var(--awb-text-color); font-family: var(--awb-text-font-family); font-size: var(--awb-font-size); font-style: var(--awb-text-font-style); letter-spacing: var(--awb-letter-spacing); text-align: var(--awb-content-alignment); text-transform: var(--awb-text-transform); background-color: var(--awb-bg-color-hover);\">Ejercicio de derechos<\/b><\/p>\n<p>Puede conocer y ejercer sus derechos en materia de protecci\u00f3n de datos accediendo a nuestra pol\u00edtica de privacidad <a href=\"https:\/\/rcostal.com\/es\/nota-legal-y-politica-de-privacidad\/\">https:\/\/rcostal.com\/nota-legal\/<\/a><\/p>\n<\/div><\/div><\/div><\/div><\/div>\n","protected":false},"excerpt":{"rendered":"","protected":false},"author":2,"featured_media":2095,"parent":0,"menu_order":300,"comment_status":"closed","ping_status":"closed","template":"","meta":{"footnotes":""},"class_list":["post-2235","page","type-page","status-publish","has-post-thumbnail","hentry"],"yoast_head":"<!-- This site is optimized with the Yoast SEO plugin v23.3 - https:\/\/yoast.com\/wordpress\/plugins\/seo\/ -->\n<title>Pol\u00edtica de cookies - Raul Costal<\/title>\n<meta name=\"robots\" content=\"index, follow, max-snippet:-1, max-image-preview:large, max-video-preview:-1\" \/>\n<link rel=\"canonical\" href=\"https:\/\/rcostal.com\/es\/politica-de-cookies\/\" \/>\n<meta property=\"og:locale\" content=\"es_ES\" \/>\n<meta property=\"og:type\" content=\"article\" \/>\n<meta property=\"og:title\" content=\"Pol\u00edtica de cookies - Raul Costal\" \/>\n<meta property=\"og:url\" content=\"https:\/\/rcostal.com\/es\/politica-de-cookies\/\" \/>\n<meta property=\"og:site_name\" content=\"Raul Costal\" \/>\n<meta property=\"article:modified_time\" content=\"2023-06-29T10:33:19+00:00\" \/>\n<meta property=\"og:image\" content=\"https:\/\/rcostal.com\/wp-content\/uploads\/2023\/05\/CONSERVACIO_03-scaled.jpg\" \/>\n\t<meta property=\"og:image:width\" content=\"2560\" \/>\n\t<meta property=\"og:image:height\" content=\"1920\" \/>\n\t<meta property=\"og:image:type\" content=\"image\/jpeg\" \/>\n<meta name=\"twitter:card\" content=\"summary_large_image\" \/>\n<meta name=\"twitter:label1\" content=\"Tiempo de lectura\" \/>\n\t<meta name=\"twitter:data1\" content=\"3 minutos\" \/>\n<script type=\"application\/ld+json\" class=\"yoast-schema-graph\">{\"@context\":\"https:\/\/schema.org\",\"@graph\":[{\"@type\":\"WebPage\",\"@id\":\"https:\/\/rcostal.com\/es\/politica-de-cookies\/\",\"url\":\"https:\/\/rcostal.com\/es\/politica-de-cookies\/\",\"name\":\"Pol\u00edtica de cookies - Raul Costal\",\"isPartOf\":{\"@id\":\"https:\/\/rcostal.com\/es\/#website\"},\"primaryImageOfPage\":{\"@id\":\"https:\/\/rcostal.com\/es\/politica-de-cookies\/#primaryimage\"},\"image\":{\"@id\":\"https:\/\/rcostal.com\/es\/politica-de-cookies\/#primaryimage\"},\"thumbnailUrl\":\"https:\/\/rcostal.com\/wp-content\/uploads\/2023\/05\/CONSERVACIO_03-scaled.jpg\",\"datePublished\":\"2023-05-11T10:14:28+00:00\",\"dateModified\":\"2023-06-29T10:33:19+00:00\",\"breadcrumb\":{\"@id\":\"https:\/\/rcostal.com\/es\/politica-de-cookies\/#breadcrumb\"},\"inLanguage\":\"es\",\"potentialAction\":[{\"@type\":\"ReadAction\",\"target\":[\"https:\/\/rcostal.com\/es\/politica-de-cookies\/\"]}]},{\"@type\":\"ImageObject\",\"inLanguage\":\"es\",\"@id\":\"https:\/\/rcostal.com\/es\/politica-de-cookies\/#primaryimage\",\"url\":\"https:\/\/rcostal.com\/wp-content\/uploads\/2023\/05\/CONSERVACIO_03-scaled.jpg\",\"contentUrl\":\"https:\/\/rcostal.com\/wp-content\/uploads\/2023\/05\/CONSERVACIO_03-scaled.jpg\",\"width\":2560,\"height\":1920,\"caption\":\"CONSERVACIO\u0301_03\"},{\"@type\":\"BreadcrumbList\",\"@id\":\"https:\/\/rcostal.com\/es\/politica-de-cookies\/#breadcrumb\",\"itemListElement\":[{\"@type\":\"ListItem\",\"position\":1,\"name\":\"Portada\",\"item\":\"https:\/\/rcostal.com\/es\/\"},{\"@type\":\"ListItem\",\"position\":2,\"name\":\"Pol\u00edtica de cookies\"}]},{\"@type\":\"WebSite\",\"@id\":\"https:\/\/rcostal.com\/es\/#website\",\"url\":\"https:\/\/rcostal.com\/es\/\",\"name\":\"Raul Costal\",\"description\":\"Fotografia, impressi\u00f3, maquetaci\u00f3, reproducci\u00f3, digitalitzaci\u00f3 i conservaci\u00f3\",\"potentialAction\":[{\"@type\":\"SearchAction\",\"target\":{\"@type\":\"EntryPoint\",\"urlTemplate\":\"https:\/\/rcostal.com\/es\/?s={search_term_string}\"},\"query-input\":\"required name=search_term_string\"}],\"inLanguage\":\"es\"}]}<\/script>\n<!-- \/ Yoast SEO plugin. -->","yoast_head_json":{"title":"Pol\u00edtica de cookies - Raul Costal","robots":{"index":"index","follow":"follow","max-snippet":"max-snippet:-1","max-image-preview":"max-image-preview:large","max-video-preview":"max-video-preview:-1"},"canonical":"https:\/\/rcostal.com\/es\/politica-de-cookies\/","og_locale":"es_ES","og_type":"article","og_title":"Pol\u00edtica de cookies - Raul Costal","og_url":"https:\/\/rcostal.com\/es\/politica-de-cookies\/","og_site_name":"Raul Costal","article_modified_time":"2023-06-29T10:33:19+00:00","og_image":[{"width":2560,"height":1920,"url":"https:\/\/rcostal.com\/wp-content\/uploads\/2023\/05\/CONSERVACIO_03-scaled.jpg","type":"image\/jpeg"}],"twitter_card":"summary_large_image","twitter_misc":{"Tiempo de lectura":"3 minutos"},"schema":{"@context":"https:\/\/schema.org","@graph":[{"@type":"WebPage","@id":"https:\/\/rcostal.com\/es\/politica-de-cookies\/","url":"https:\/\/rcostal.com\/es\/politica-de-cookies\/","name":"Pol\u00edtica de cookies - Raul Costal","isPartOf":{"@id":"https:\/\/rcostal.com\/es\/#website"},"primaryImageOfPage":{"@id":"https:\/\/rcostal.com\/es\/politica-de-cookies\/#primaryimage"},"image":{"@id":"https:\/\/rcostal.com\/es\/politica-de-cookies\/#primaryimage"},"thumbnailUrl":"https:\/\/rcostal.com\/wp-content\/uploads\/2023\/05\/CONSERVACIO_03-scaled.jpg","datePublished":"2023-05-11T10:14:28+00:00","dateModified":"2023-06-29T10:33:19+00:00","breadcrumb":{"@id":"https:\/\/rcostal.com\/es\/politica-de-cookies\/#breadcrumb"},"inLanguage":"es","potentialAction":[{"@type":"ReadAction","target":["https:\/\/rcostal.com\/es\/politica-de-cookies\/"]}]},{"@type":"ImageObject","inLanguage":"es","@id":"https:\/\/rcostal.com\/es\/politica-de-cookies\/#primaryimage","url":"https:\/\/rcostal.com\/wp-content\/uploads\/2023\/05\/CONSERVACIO_03-scaled.jpg","contentUrl":"https:\/\/rcostal.com\/wp-content\/uploads\/2023\/05\/CONSERVACIO_03-scaled.jpg","width":2560,"height":1920,"caption":"CONSERVACIO\u0301_03"},{"@type":"BreadcrumbList","@id":"https:\/\/rcostal.com\/es\/politica-de-cookies\/#breadcrumb","itemListElement":[{"@type":"ListItem","position":1,"name":"Portada","item":"https:\/\/rcostal.com\/es\/"},{"@type":"ListItem","position":2,"name":"Pol\u00edtica de cookies"}]},{"@type":"WebSite","@id":"https:\/\/rcostal.com\/es\/#website","url":"https:\/\/rcostal.com\/es\/","name":"Raul Costal","description":"Fotografia, impressi\u00f3, maquetaci\u00f3, reproducci\u00f3, digitalitzaci\u00f3 i conservaci\u00f3","potentialAction":[{"@type":"SearchAction","target":{"@type":"EntryPoint","urlTemplate":"https:\/\/rcostal.com\/es\/?s={search_term_string}"},"query-input":"required name=search_term_string"}],"inLanguage":"es"}]}},"_links":{"self":[{"href":"https:\/\/rcostal.com\/es\/wp-json\/wp\/v2\/pages\/2235"}],"collection":[{"href":"https:\/\/rcostal.com\/es\/wp-json\/wp\/v2\/pages"}],"about":[{"href":"https:\/\/rcostal.com\/es\/wp-json\/wp\/v2\/types\/page"}],"author":[{"embeddable":true,"href":"https:\/\/rcostal.com\/es\/wp-json\/wp\/v2\/users\/2"}],"replies":[{"embeddable":true,"href":"https:\/\/rcostal.com\/es\/wp-json\/wp\/v2\/comments?post=2235"}],"version-history":[{"count":1,"href":"https:\/\/rcostal.com\/es\/wp-json\/wp\/v2\/pages\/2235\/revisions"}],"predecessor-version":[{"id":2236,"href":"https:\/\/rcostal.com\/es\/wp-json\/wp\/v2\/pages\/2235\/revisions\/2236"}],"wp:featuredmedia":[{"embeddable":true,"href":"https:\/\/rcostal.com\/es\/wp-json\/wp\/v2\/media\/2095"}],"wp:attachment":[{"href":"https:\/\/rcostal.com\/es\/wp-json\/wp\/v2\/media?parent=2235"}],"curies":[{"name":"wp","href":"https:\/\/api.w.org\/{rel}","templated":true}]}}